{"id":1249,"date":"2025-09-18T10:09:31","date_gmt":"2025-09-18T08:09:31","guid":{"rendered":"https:\/\/tempoessaouira.green\/nuestros-sabores\/"},"modified":"2026-02-26T17:24:24","modified_gmt":"2026-02-26T16:24:24","slug":"nuestros-sabores","status":"publish","type":"page","link":"https:\/\/tempoessaouira.green\/es\/nuestros-sabores\/","title":{"rendered":"Nuestros Sabores"},"content":{"rendered":"\t\t<div data-elementor-type=\"wp-page\" data-elementor-id=\"1249\" class=\"elementor elementor-1249 elementor-46\" data-elementor-settings=\"{&quot;ha_cmc_init_switcher&quot;:&quot;no&quot;}\" data-elementor-post-type=\"page\">\n\t\t\t\t<div class=\"elementor-element elementor-element-1a34cc3 e-flex e-con-boxed e-con e-parent\" data-id=\"1a34cc3\" data-element_type=\"container\" data-e-type=\"container\" data-settings=\"{&quot;_ha_eqh_enable&quot;:false}\">\n\t\t\t\t\t<div class=\"e-con-inner\">\n\t\t\t\t<div class=\"elementor-element elementor-element-4f37e96 elementor-widget elementor-widget-spacer\" data-id=\"4f37e96\" data-element_type=\"widget\" data-e-type=\"widget\" data-widget_type=\"spacer.default\">\n\t\t\t\t\t\t\t<div class=\"elementor-spacer\">\n\t\t\t<div class=\"elementor-spacer-inner\"><\/div>\n\t\t<\/div>\n\t\t\t\t\t\t<\/div>\n\t\t\t\t\t<\/div>\n\t\t\t\t<\/div>\n\t\t<div class=\"elementor-element elementor-element-2252f15 e-flex e-con-boxed e-con e-parent\" data-id=\"2252f15\" data-element_type=\"container\" data-e-type=\"container\" data-settings=\"{&quot;_ha_eqh_enable&quot;:false}\">\n\t\t\t\t\t<div class=\"e-con-inner\">\n\t\t<div class=\"elementor-element elementor-element-3c9b5e6 e-con-full e-flex e-con e-child\" data-id=\"3c9b5e6\" data-element_type=\"container\" data-e-type=\"container\" data-settings=\"{&quot;_ha_eqh_enable&quot;:false}\">\n\t\t\t\t<div class=\"elementor-element elementor-element-61f76fd elementor-widget elementor-widget-heading\" data-id=\"61f76fd\" data-element_type=\"widget\" data-e-type=\"widget\" data-widget_type=\"heading.default\">\n\t\t\t\t\t<h2 class=\"elementor-heading-title elementor-size-default\">Nuestros Sabores<\/h2>\t\t\t\t<\/div>\n\t\t\t\t<div class=\"elementor-element elementor-element-639430e elementor-widget elementor-widget-text-editor\" data-id=\"639430e\" data-element_type=\"widget\" data-e-type=\"widget\" data-widget_type=\"text-editor.default\">\n\t\t\t\t\t\t\t\t\t<p><strong>Nuestra cocina sigue el ritmo de la naturaleza.<\/strong><\/p><p>El men\u00fa cambia seg\u00fan la disponibilidad estacional de los ingredientes, ofreci\u00e9ndote siempre una experiencia de sabor aut\u00e9ntica y \u00fanica.<\/p><p><strong>Horario de Desayuno<\/strong>: de 8:00 a 10:00 &#8211; <strong>Horario de Cena<\/strong>: de 18:30 a 21:00.<\/p>\t\t\t\t\t\t\t\t<\/div>\n\t\t\t\t<div class=\"elementor-element elementor-element-d493e40 elementor-widget elementor-widget-text-editor\" data-id=\"d493e40\" data-element_type=\"widget\" data-e-type=\"widget\" data-widget_type=\"text-editor.default\">\n\t\t\t\t\t\t\t\t\t<h6><strong>DESAYUNOS: Un Despertar de Sabor y Bienestar<\/strong><\/h6><p>Entra en nuestro mundo y descubre el placer de un desayuno vegano que te hace sentir bien.<\/p><p>Hemos creado un men\u00fa para despertar los sentidos, donde cada ingrediente est\u00e1 elegido con cuidado para ofrecerte un momento de puro relax y sabor.<\/p><p><em><strong>Empieza el d\u00eda de la mejor manera, con una comida que nutre cuerpo y alma.<\/strong><\/em><\/p>\t\t\t\t\t\t\t\t<\/div>\n\t\t\t\t<\/div>\n\t\t<div class=\"elementor-element elementor-element-57a55d5 e-con-full e-flex e-con e-child\" data-id=\"57a55d5\" data-element_type=\"container\" data-e-type=\"container\" data-settings=\"{&quot;_ha_eqh_enable&quot;:false}\">\n\t\t\t\t<div class=\"elementor-element elementor-element-980690e elementor-widget elementor-widget-image\" data-id=\"980690e\" data-element_type=\"widget\" data-e-type=\"widget\" data-widget_type=\"image.default\">\n\t\t\t\t\t\t\t\t\t\t\t\t\t\t\t<img decoding=\"async\" src=\"https:\/\/tempoessaouira.green\/wp-content\/uploads\/elementor\/thumbs\/listino_extra-rhsor548ku9gkq7u7azvqevpfb1snbrefo282wj3eo.png\" title=\"lista_extra\" alt=\"lista_extra\" loading=\"lazy\" \/>\t\t\t\t\t\t\t\t\t\t\t\t\t\t\t<\/div>\n\t\t\t\t<div class=\"elementor-element elementor-element-b70d6f5 elementor-widget elementor-widget-heading\" data-id=\"b70d6f5\" data-element_type=\"widget\" data-e-type=\"widget\" data-widget_type=\"heading.default\">\n\t\t\t\t\t<h6 class=\"elementor-heading-title elementor-size-default\">Lista extra<\/h6>\t\t\t\t<\/div>\n\t\t\t\t<div class=\"elementor-element elementor-element-4b21d26 elementor-widget elementor-widget-text-editor\" data-id=\"4b21d26\" data-element_type=\"widget\" data-e-type=\"widget\" data-widget_type=\"text-editor.default\">\n\t\t\t\t\t\t\t\t\t<p style=\"text-align: center;\">10 DHR = 1,00 \u20ac.<\/p>\t\t\t\t\t\t\t\t<\/div>\n\t\t\t\t<\/div>\n\t\t\t\t\t<\/div>\n\t\t\t\t<\/div>\n\t\t<div class=\"elementor-element elementor-element-aab5ecb e-flex e-con-boxed e-con e-parent\" data-id=\"aab5ecb\" data-element_type=\"container\" data-e-type=\"container\" data-settings=\"{&quot;_ha_eqh_enable&quot;:false}\">\n\t\t\t\t\t<div class=\"e-con-inner\">\n\t\t\t\t<div class=\"elementor-element elementor-element-ed49e16 elementor-widget elementor-widget-ha-justified-gallery happy-addon ha-justified-gallery\" data-id=\"ed49e16\" data-element_type=\"widget\" data-e-type=\"widget\" data-settings=\"{&quot;row_height&quot;:{&quot;unit&quot;:&quot;px&quot;,&quot;size&quot;:240,&quot;sizes&quot;:[]},&quot;last_row&quot;:&quot;nojustify&quot;,&quot;margins&quot;:{&quot;unit&quot;:&quot;px&quot;,&quot;size&quot;:10,&quot;sizes&quot;:[]},&quot;enable_popup&quot;:&quot;yes&quot;}\" data-widget_type=\"ha-justified-gallery.default\">\n\t\t\t\t\t\n\t\t<div class=\"ha-justified-grid__wrap hajs-justified-grid\">\n\t\t\t\t\t\t\t<a href=\"#\" data-mfp-src=\"https:\/\/tempoessaouira.green\/wp-content\/uploads\/2025\/09\/pancake-senza-glutine-vegan-style.jpg\" class=\"ha-justified-grid__item ha-js-lightbox __fltr-1\" title=\"\">\n\t\t\t\t\t<img fetchpriority=\"high\" decoding=\"async\" width=\"800\" height=\"1000\" src=\"https:\/\/tempoessaouira.green\/wp-content\/uploads\/2025\/09\/pancake-senza-glutine-vegan-style.jpg\" class=\"elementor-animation-grow\" alt=\"Pancake senza glutine vegano\" srcset=\"https:\/\/tempoessaouira.green\/wp-content\/uploads\/2025\/09\/pancake-senza-glutine-vegan-style.jpg 800w, https:\/\/tempoessaouira.green\/wp-content\/uploads\/2025\/09\/pancake-senza-glutine-vegan-style-240x300.jpg 240w, https:\/\/tempoessaouira.green\/wp-content\/uploads\/2025\/09\/pancake-senza-glutine-vegan-style-768x960.jpg 768w\" sizes=\"(max-width: 800px) 100vw, 800px\" \/>\t\t\t\t<\/a>\n\t\t\t\t\t\t\t<a href=\"#\" data-mfp-src=\"https:\/\/tempoessaouira.green\/wp-content\/uploads\/2025\/09\/muffin-fondente.jpg\" class=\"ha-justified-grid__item ha-js-lightbox __fltr-1\" title=\"\">\n\t\t\t\t\t<img decoding=\"async\" width=\"1000\" height=\"1000\" src=\"https:\/\/tempoessaouira.green\/wp-content\/uploads\/2025\/09\/muffin-fondente.jpg\" class=\"elementor-animation-grow\" alt=\"Muffin fondente\" srcset=\"https:\/\/tempoessaouira.green\/wp-content\/uploads\/2025\/09\/muffin-fondente.jpg 1000w, https:\/\/tempoessaouira.green\/wp-content\/uploads\/2025\/09\/muffin-fondente-300x300.jpg 300w, https:\/\/tempoessaouira.green\/wp-content\/uploads\/2025\/09\/muffin-fondente-150x150.jpg 150w, https:\/\/tempoessaouira.green\/wp-content\/uploads\/2025\/09\/muffin-fondente-768x768.jpg 768w\" sizes=\"(max-width: 1000px) 100vw, 1000px\" \/>\t\t\t\t<\/a>\n\t\t\t\t\t\t\t<a href=\"#\" data-mfp-src=\"https:\/\/tempoessaouira.green\/wp-content\/uploads\/2025\/09\/pancake-avena-e-frutta-1024x683.jpg\" class=\"ha-justified-grid__item ha-js-lightbox __fltr-1\" title=\"\">\n\t\t\t\t\t<img decoding=\"async\" width=\"1200\" height=\"800\" src=\"https:\/\/tempoessaouira.green\/wp-content\/uploads\/2025\/09\/pancake-avena-e-frutta.jpg\" class=\"elementor-animation-grow\" alt=\"Pancake avena e frutta\" srcset=\"https:\/\/tempoessaouira.green\/wp-content\/uploads\/2025\/09\/pancake-avena-e-frutta.jpg 1200w, https:\/\/tempoessaouira.green\/wp-content\/uploads\/2025\/09\/pancake-avena-e-frutta-300x200.jpg 300w, https:\/\/tempoessaouira.green\/wp-content\/uploads\/2025\/09\/pancake-avena-e-frutta-1024x683.jpg 1024w, https:\/\/tempoessaouira.green\/wp-content\/uploads\/2025\/09\/pancake-avena-e-frutta-768x512.jpg 768w\" sizes=\"(max-width: 1200px) 100vw, 1200px\" \/>\t\t\t\t<\/a>\n\t\t\t\t\t\t\t<a href=\"#\" data-mfp-src=\"https:\/\/tempoessaouira.green\/wp-content\/uploads\/2025\/09\/torta-di-cioccolato-vegana.jpg\" class=\"ha-justified-grid__item ha-js-lightbox __fltr-1\" title=\"\">\n\t\t\t\t\t<img loading=\"lazy\" decoding=\"async\" width=\"1000\" height=\"1000\" src=\"https:\/\/tempoessaouira.green\/wp-content\/uploads\/2025\/09\/torta-di-cioccolato-vegana.jpg\" class=\"elementor-animation-grow\" alt=\"\" srcset=\"https:\/\/tempoessaouira.green\/wp-content\/uploads\/2025\/09\/torta-di-cioccolato-vegana.jpg 1000w, https:\/\/tempoessaouira.green\/wp-content\/uploads\/2025\/09\/torta-di-cioccolato-vegana-300x300.jpg 300w, https:\/\/tempoessaouira.green\/wp-content\/uploads\/2025\/09\/torta-di-cioccolato-vegana-150x150.jpg 150w, https:\/\/tempoessaouira.green\/wp-content\/uploads\/2025\/09\/torta-di-cioccolato-vegana-768x768.jpg 768w\" sizes=\"(max-width: 1000px) 100vw, 1000px\" \/>\t\t\t\t<\/a>\n\t\t\t\t\t\t\t<a href=\"#\" data-mfp-src=\"https:\/\/tempoessaouira.green\/wp-content\/uploads\/2025\/09\/bowl-di-yogurt-e-frutta-1024x683.jpg\" class=\"ha-justified-grid__item ha-js-lightbox __fltr-1\" title=\"\">\n\t\t\t\t\t<img loading=\"lazy\" decoding=\"async\" width=\"1500\" height=\"1000\" src=\"https:\/\/tempoessaouira.green\/wp-content\/uploads\/2025\/09\/bowl-di-yogurt-e-frutta.jpg\" class=\"elementor-animation-grow\" alt=\"Bowl di yogurt e frutta\" srcset=\"https:\/\/tempoessaouira.green\/wp-content\/uploads\/2025\/09\/bowl-di-yogurt-e-frutta.jpg 1500w, https:\/\/tempoessaouira.green\/wp-content\/uploads\/2025\/09\/bowl-di-yogurt-e-frutta-300x200.jpg 300w, https:\/\/tempoessaouira.green\/wp-content\/uploads\/2025\/09\/bowl-di-yogurt-e-frutta-1024x683.jpg 1024w, https:\/\/tempoessaouira.green\/wp-content\/uploads\/2025\/09\/bowl-di-yogurt-e-frutta-768x512.jpg 768w\" sizes=\"(max-width: 1500px) 100vw, 1500px\" \/>\t\t\t\t<\/a>\n\t\t\t\t\t\t\t<a href=\"#\" data-mfp-src=\"https:\/\/tempoessaouira.green\/wp-content\/uploads\/2025\/09\/caffe-centrifuga-pancake-1024x683.jpg\" class=\"ha-justified-grid__item ha-js-lightbox __fltr-1\" title=\"\">\n\t\t\t\t\t<img loading=\"lazy\" decoding=\"async\" width=\"1200\" height=\"800\" src=\"https:\/\/tempoessaouira.green\/wp-content\/uploads\/2025\/09\/caffe-centrifuga-pancake.jpg\" class=\"elementor-animation-grow\" alt=\"Caffe, centrifuga, pancake\" srcset=\"https:\/\/tempoessaouira.green\/wp-content\/uploads\/2025\/09\/caffe-centrifuga-pancake.jpg 1200w, https:\/\/tempoessaouira.green\/wp-content\/uploads\/2025\/09\/caffe-centrifuga-pancake-300x200.jpg 300w, https:\/\/tempoessaouira.green\/wp-content\/uploads\/2025\/09\/caffe-centrifuga-pancake-1024x683.jpg 1024w, https:\/\/tempoessaouira.green\/wp-content\/uploads\/2025\/09\/caffe-centrifuga-pancake-768x512.jpg 768w\" sizes=\"(max-width: 1200px) 100vw, 1200px\" \/>\t\t\t\t<\/a>\n\t\t\t\t\t\t\t<a href=\"#\" data-mfp-src=\"https:\/\/tempoessaouira.green\/wp-content\/uploads\/2025\/09\/centrifughe-fresche-energy-e-detox-1024x768.jpg\" class=\"ha-justified-grid__item ha-js-lightbox __fltr-1\" title=\"\">\n\t\t\t\t\t<img loading=\"lazy\" decoding=\"async\" width=\"1200\" height=\"900\" src=\"https:\/\/tempoessaouira.green\/wp-content\/uploads\/2025\/09\/centrifughe-fresche-energy-e-detox.jpg\" class=\"elementor-animation-grow\" alt=\"Centrifughe fresche, Energy e detox\" srcset=\"https:\/\/tempoessaouira.green\/wp-content\/uploads\/2025\/09\/centrifughe-fresche-energy-e-detox.jpg 1200w, https:\/\/tempoessaouira.green\/wp-content\/uploads\/2025\/09\/centrifughe-fresche-energy-e-detox-300x225.jpg 300w, https:\/\/tempoessaouira.green\/wp-content\/uploads\/2025\/09\/centrifughe-fresche-energy-e-detox-1024x768.jpg 1024w, https:\/\/tempoessaouira.green\/wp-content\/uploads\/2025\/09\/centrifughe-fresche-energy-e-detox-768x576.jpg 768w\" sizes=\"(max-width: 1200px) 100vw, 1200px\" \/>\t\t\t\t<\/a>\n\t\t\t\t\t\t\t<a href=\"#\" data-mfp-src=\"https:\/\/tempoessaouira.green\/wp-content\/uploads\/2025\/09\/dolci-vegani-yogurt-fatto-in-casa.jpg\" class=\"ha-justified-grid__item ha-js-lightbox __fltr-1\" title=\"\">\n\t\t\t\t\t<img loading=\"lazy\" decoding=\"async\" width=\"1000\" height=\"1000\" src=\"https:\/\/tempoessaouira.green\/wp-content\/uploads\/2025\/09\/dolci-vegani-yogurt-fatto-in-casa.jpg\" class=\"elementor-animation-grow\" alt=\"Dolci vegani, yogurt fatto in casa\" srcset=\"https:\/\/tempoessaouira.green\/wp-content\/uploads\/2025\/09\/dolci-vegani-yogurt-fatto-in-casa.jpg 1000w, https:\/\/tempoessaouira.green\/wp-content\/uploads\/2025\/09\/dolci-vegani-yogurt-fatto-in-casa-300x300.jpg 300w, https:\/\/tempoessaouira.green\/wp-content\/uploads\/2025\/09\/dolci-vegani-yogurt-fatto-in-casa-150x150.jpg 150w, https:\/\/tempoessaouira.green\/wp-content\/uploads\/2025\/09\/dolci-vegani-yogurt-fatto-in-casa-768x768.jpg 768w\" sizes=\"(max-width: 1000px) 100vw, 1000px\" \/>\t\t\t\t<\/a>\n\t\t\t\t\t\t\t<a href=\"#\" data-mfp-src=\"https:\/\/tempoessaouira.green\/wp-content\/uploads\/2025\/09\/mangiare-sano-e-vegano-819x1024.jpg\" class=\"ha-justified-grid__item ha-js-lightbox __fltr-1\" title=\"\">\n\t\t\t\t\t<img loading=\"lazy\" decoding=\"async\" width=\"960\" height=\"1200\" src=\"https:\/\/tempoessaouira.green\/wp-content\/uploads\/2025\/09\/mangiare-sano-e-vegano.jpg\" class=\"elementor-animation-grow\" alt=\"\" srcset=\"https:\/\/tempoessaouira.green\/wp-content\/uploads\/2025\/09\/mangiare-sano-e-vegano.jpg 960w, https:\/\/tempoessaouira.green\/wp-content\/uploads\/2025\/09\/mangiare-sano-e-vegano-240x300.jpg 240w, https:\/\/tempoessaouira.green\/wp-content\/uploads\/2025\/09\/mangiare-sano-e-vegano-819x1024.jpg 819w, https:\/\/tempoessaouira.green\/wp-content\/uploads\/2025\/09\/mangiare-sano-e-vegano-768x960.jpg 768w\" sizes=\"(max-width: 960px) 100vw, 960px\" \/>\t\t\t\t<\/a>\n\t\t\t\t\t\t\t<a href=\"#\" data-mfp-src=\"https:\/\/tempoessaouira.green\/wp-content\/uploads\/2025\/09\/frutta-km-zero-pancake-1024x683.jpg\" class=\"ha-justified-grid__item ha-js-lightbox __fltr-1\" title=\"\">\n\t\t\t\t\t<img loading=\"lazy\" decoding=\"async\" width=\"1500\" height=\"1000\" src=\"https:\/\/tempoessaouira.green\/wp-content\/uploads\/2025\/09\/frutta-km-zero-pancake.jpg\" class=\"elementor-animation-grow\" alt=\"Frutta a km 0, pancake\" srcset=\"https:\/\/tempoessaouira.green\/wp-content\/uploads\/2025\/09\/frutta-km-zero-pancake.jpg 1500w, https:\/\/tempoessaouira.green\/wp-content\/uploads\/2025\/09\/frutta-km-zero-pancake-300x200.jpg 300w, https:\/\/tempoessaouira.green\/wp-content\/uploads\/2025\/09\/frutta-km-zero-pancake-1024x683.jpg 1024w, https:\/\/tempoessaouira.green\/wp-content\/uploads\/2025\/09\/frutta-km-zero-pancake-768x512.jpg 768w\" sizes=\"(max-width: 1500px) 100vw, 1500px\" \/>\t\t\t\t<\/a>\n\t\t\t\t\t\t\t<a href=\"#\" data-mfp-src=\"https:\/\/tempoessaouira.green\/wp-content\/uploads\/2025\/09\/yogurt-fatto-in-casa-soya-senza-glutine.jpg\" class=\"ha-justified-grid__item ha-js-lightbox __fltr-1\" title=\"\">\n\t\t\t\t\t<img loading=\"lazy\" decoding=\"async\" width=\"1000\" height=\"1000\" src=\"https:\/\/tempoessaouira.green\/wp-content\/uploads\/2025\/09\/yogurt-fatto-in-casa-soya-senza-glutine.jpg\" class=\"elementor-animation-grow\" alt=\"Yogurt fatto in casa, soya senza glutine\" srcset=\"https:\/\/tempoessaouira.green\/wp-content\/uploads\/2025\/09\/yogurt-fatto-in-casa-soya-senza-glutine.jpg 1000w, https:\/\/tempoessaouira.green\/wp-content\/uploads\/2025\/09\/yogurt-fatto-in-casa-soya-senza-glutine-300x300.jpg 300w, https:\/\/tempoessaouira.green\/wp-content\/uploads\/2025\/09\/yogurt-fatto-in-casa-soya-senza-glutine-150x150.jpg 150w, https:\/\/tempoessaouira.green\/wp-content\/uploads\/2025\/09\/yogurt-fatto-in-casa-soya-senza-glutine-768x768.jpg 768w\" sizes=\"(max-width: 1000px) 100vw, 1000px\" \/>\t\t\t\t<\/a>\n\t\t\t\t\t\t\t<a href=\"#\" data-mfp-src=\"https:\/\/tempoessaouira.green\/wp-content\/uploads\/2025\/09\/insalata-di-frutta-e-yogurt-853x1024.jpg\" class=\"ha-justified-grid__item ha-js-lightbox __fltr-1\" title=\"\">\n\t\t\t\t\t<img loading=\"lazy\" decoding=\"async\" width=\"1000\" height=\"1200\" src=\"https:\/\/tempoessaouira.green\/wp-content\/uploads\/2025\/09\/insalata-di-frutta-e-yogurt.jpg\" class=\"elementor-animation-grow\" alt=\"Insalata di frutta e yogurt\" srcset=\"https:\/\/tempoessaouira.green\/wp-content\/uploads\/2025\/09\/insalata-di-frutta-e-yogurt.jpg 1000w, https:\/\/tempoessaouira.green\/wp-content\/uploads\/2025\/09\/insalata-di-frutta-e-yogurt-250x300.jpg 250w, https:\/\/tempoessaouira.green\/wp-content\/uploads\/2025\/09\/insalata-di-frutta-e-yogurt-853x1024.jpg 853w, https:\/\/tempoessaouira.green\/wp-content\/uploads\/2025\/09\/insalata-di-frutta-e-yogurt-768x922.jpg 768w\" sizes=\"(max-width: 1000px) 100vw, 1000px\" \/>\t\t\t\t<\/a>\n\t\t\t\t\t\t\t<a href=\"#\" data-mfp-src=\"https:\/\/tempoessaouira.green\/wp-content\/uploads\/2025\/09\/Insalata-siciliana-vegan.jpg\" class=\"ha-justified-grid__item ha-js-lightbox __fltr-1\" title=\"\">\n\t\t\t\t\t<img loading=\"lazy\" decoding=\"async\" width=\"800\" height=\"1000\" src=\"https:\/\/tempoessaouira.green\/wp-content\/uploads\/2025\/09\/Insalata-siciliana-vegan.jpg\" class=\"elementor-animation-grow\" alt=\"Insalata siciliana vegana\" srcset=\"https:\/\/tempoessaouira.green\/wp-content\/uploads\/2025\/09\/Insalata-siciliana-vegan.jpg 800w, https:\/\/tempoessaouira.green\/wp-content\/uploads\/2025\/09\/Insalata-siciliana-vegan-240x300.jpg 240w, https:\/\/tempoessaouira.green\/wp-content\/uploads\/2025\/09\/Insalata-siciliana-vegan-768x960.jpg 768w\" sizes=\"(max-width: 800px) 100vw, 800px\" \/>\t\t\t\t<\/a>\n\t\t\t\t\t\t\t<a href=\"#\" data-mfp-src=\"https:\/\/tempoessaouira.green\/wp-content\/uploads\/2025\/09\/avogado.jpg\" class=\"ha-justified-grid__item ha-js-lightbox __fltr-1\" title=\"\">\n\t\t\t\t\t<img loading=\"lazy\" decoding=\"async\" width=\"1000\" height=\"1000\" src=\"https:\/\/tempoessaouira.green\/wp-content\/uploads\/2025\/09\/avogado.jpg\" class=\"elementor-animation-grow\" alt=\"Avogado\" srcset=\"https:\/\/tempoessaouira.green\/wp-content\/uploads\/2025\/09\/avogado.jpg 1000w, https:\/\/tempoessaouira.green\/wp-content\/uploads\/2025\/09\/avogado-300x300.jpg 300w, https:\/\/tempoessaouira.green\/wp-content\/uploads\/2025\/09\/avogado-150x150.jpg 150w, https:\/\/tempoessaouira.green\/wp-content\/uploads\/2025\/09\/avogado-768x768.jpg 768w\" sizes=\"(max-width: 1000px) 100vw, 1000px\" \/>\t\t\t\t<\/a>\n\t\t\t\t\t\t\t<a href=\"#\" data-mfp-src=\"https:\/\/tempoessaouira.green\/wp-content\/uploads\/2025\/09\/poke-bowl-vegan.jpg\" class=\"ha-justified-grid__item ha-js-lightbox __fltr-1\" title=\"\">\n\t\t\t\t\t<img loading=\"lazy\" decoding=\"async\" width=\"800\" height=\"1000\" src=\"https:\/\/tempoessaouira.green\/wp-content\/uploads\/2025\/09\/poke-bowl-vegan.jpg\" class=\"elementor-animation-grow\" alt=\"Poke bowl vegano\" srcset=\"https:\/\/tempoessaouira.green\/wp-content\/uploads\/2025\/09\/poke-bowl-vegan.jpg 800w, https:\/\/tempoessaouira.green\/wp-content\/uploads\/2025\/09\/poke-bowl-vegan-240x300.jpg 240w, https:\/\/tempoessaouira.green\/wp-content\/uploads\/2025\/09\/poke-bowl-vegan-768x960.jpg 768w\" sizes=\"(max-width: 800px) 100vw, 800px\" \/>\t\t\t\t<\/a>\n\t\t\t\t\t\t\t<a href=\"#\" data-mfp-src=\"https:\/\/tempoessaouira.green\/wp-content\/uploads\/2025\/09\/senza-glutine-naturale.jpg\" class=\"ha-justified-grid__item ha-js-lightbox __fltr-1\" title=\"\">\n\t\t\t\t\t<img loading=\"lazy\" decoding=\"async\" width=\"800\" height=\"1000\" src=\"https:\/\/tempoessaouira.green\/wp-content\/uploads\/2025\/09\/senza-glutine-naturale.jpg\" class=\"elementor-animation-grow\" alt=\"Senza glutine, naturale\" srcset=\"https:\/\/tempoessaouira.green\/wp-content\/uploads\/2025\/09\/senza-glutine-naturale.jpg 800w, https:\/\/tempoessaouira.green\/wp-content\/uploads\/2025\/09\/senza-glutine-naturale-240x300.jpg 240w, https:\/\/tempoessaouira.green\/wp-content\/uploads\/2025\/09\/senza-glutine-naturale-768x960.jpg 768w\" sizes=\"(max-width: 800px) 100vw, 800px\" \/>\t\t\t\t<\/a>\n\t\t\t\t\t\t\t<a href=\"#\" data-mfp-src=\"https:\/\/tempoessaouira.green\/wp-content\/uploads\/2025\/09\/wok-di-tallarine.jpg\" class=\"ha-justified-grid__item ha-js-lightbox __fltr-1\" title=\"\">\n\t\t\t\t\t<img loading=\"lazy\" decoding=\"async\" width=\"800\" height=\"1000\" src=\"https:\/\/tempoessaouira.green\/wp-content\/uploads\/2025\/09\/wok-di-tallarine.jpg\" class=\"elementor-animation-grow\" alt=\"Wok di tallarine\" srcset=\"https:\/\/tempoessaouira.green\/wp-content\/uploads\/2025\/09\/wok-di-tallarine.jpg 800w, https:\/\/tempoessaouira.green\/wp-content\/uploads\/2025\/09\/wok-di-tallarine-240x300.jpg 240w, https:\/\/tempoessaouira.green\/wp-content\/uploads\/2025\/09\/wok-di-tallarine-768x960.jpg 768w\" sizes=\"(max-width: 800px) 100vw, 800px\" \/>\t\t\t\t<\/a>\n\t\t\t\t\t\t\t<a href=\"#\" data-mfp-src=\"https:\/\/tempoessaouira.green\/wp-content\/uploads\/2025\/09\/wrap-vegano.jpg\" class=\"ha-justified-grid__item ha-js-lightbox __fltr-1\" title=\"\">\n\t\t\t\t\t<img loading=\"lazy\" decoding=\"async\" width=\"800\" height=\"1000\" src=\"https:\/\/tempoessaouira.green\/wp-content\/uploads\/2025\/09\/wrap-vegano.jpg\" class=\"elementor-animation-grow\" alt=\"Wrap vegano\" srcset=\"https:\/\/tempoessaouira.green\/wp-content\/uploads\/2025\/09\/wrap-vegano.jpg 800w, https:\/\/tempoessaouira.green\/wp-content\/uploads\/2025\/09\/wrap-vegano-240x300.jpg 240w, https:\/\/tempoessaouira.green\/wp-content\/uploads\/2025\/09\/wrap-vegano-768x960.jpg 768w\" sizes=\"(max-width: 800px) 100vw, 800px\" \/>\t\t\t\t<\/a>\n\t\t\t\t\t\t\t<a href=\"#\" data-mfp-src=\"https:\/\/tempoessaouira.green\/wp-content\/uploads\/2025\/10\/sapori01.jpg\" class=\"ha-justified-grid__item ha-js-lightbox __fltr-1\" title=\"\">\n\t\t\t\t\t<img loading=\"lazy\" decoding=\"async\" width=\"563\" height=\"1000\" src=\"https:\/\/tempoessaouira.green\/wp-content\/uploads\/2025\/10\/sapori01.jpg\" class=\"elementor-animation-grow\" alt=\"\" srcset=\"https:\/\/tempoessaouira.green\/wp-content\/uploads\/2025\/10\/sapori01.jpg 563w, https:\/\/tempoessaouira.green\/wp-content\/uploads\/2025\/10\/sapori01-169x300.jpg 169w\" sizes=\"(max-width: 563px) 100vw, 563px\" \/>\t\t\t\t<\/a>\n\t\t\t\t\t\t\t<a href=\"#\" data-mfp-src=\"https:\/\/tempoessaouira.green\/wp-content\/uploads\/2025\/10\/sapori02.jpg\" class=\"ha-justified-grid__item ha-js-lightbox __fltr-1\" title=\"\">\n\t\t\t\t\t<img loading=\"lazy\" decoding=\"async\" width=\"1000\" height=\"940\" src=\"https:\/\/tempoessaouira.green\/wp-content\/uploads\/2025\/10\/sapori02.jpg\" class=\"elementor-animation-grow\" alt=\"\" srcset=\"https:\/\/tempoessaouira.green\/wp-content\/uploads\/2025\/10\/sapori02.jpg 1000w, https:\/\/tempoessaouira.green\/wp-content\/uploads\/2025\/10\/sapori02-300x282.jpg 300w, https:\/\/tempoessaouira.green\/wp-content\/uploads\/2025\/10\/sapori02-768x722.jpg 768w\" sizes=\"(max-width: 1000px) 100vw, 1000px\" \/>\t\t\t\t<\/a>\n\t\t\t\t\t<\/div>\n\n\t\t\t\t\t\t<\/div>\n\t\t\t\t\t<\/div>\n\t\t\t\t<\/div>\n\t\t<div class=\"elementor-element elementor-element-f4c863f e-flex e-con-boxed e-con e-parent\" data-id=\"f4c863f\" data-element_type=\"container\" data-e-type=\"container\" data-settings=\"{&quot;_ha_eqh_enable&quot;:false}\">\n\t\t\t\t\t<div class=\"e-con-inner\">\n\t\t\t\t<div class=\"elementor-element elementor-element-1ef74e9 elementor-widget elementor-widget-spacer\" data-id=\"1ef74e9\" data-element_type=\"widget\" data-e-type=\"widget\" data-widget_type=\"spacer.default\">\n\t\t\t\t\t\t\t<div class=\"elementor-spacer\">\n\t\t\t<div class=\"elementor-spacer-inner\"><\/div>\n\t\t<\/div>\n\t\t\t\t\t\t<\/div>\n\t\t\t\t\t<\/div>\n\t\t\t\t<\/div>\n\t\t\t\t<\/div>\n\t\t","protected":false},"excerpt":{"rendered":"<p>Nuestros Sabores Nuestra cocina sigue el ritmo de la naturaleza. El men\u00fa cambia seg\u00fan la disponibilidad estacional de los ingredientes, ofreci\u00e9ndote siempre una experiencia de sabor aut\u00e9ntica y \u00fanica. Horario de Desayuno: de 8:00 a 10:00 &#8211; Horario de Cena: de 18:30 a 21:00. DESAYUNOS: Un Despertar de Sabor y Bienestar Entra en nuestro mundo [&hellip;]<\/p>\n","protected":false},"author":1,"featured_media":0,"parent":0,"menu_order":0,"comment_status":"closed","ping_status":"closed","template":"elementor_header_footer","meta":{"footnotes":""},"class_list":["post-1249","page","type-page","status-publish","hentry"],"_links":{"self":[{"href":"https:\/\/tempoessaouira.green\/es\/wp-json\/wp\/v2\/pages\/1249","targetHints":{"allow":["GET"]}}],"collection":[{"href":"https:\/\/tempoessaouira.green\/es\/wp-json\/wp\/v2\/pages"}],"about":[{"href":"https:\/\/tempoessaouira.green\/es\/wp-json\/wp\/v2\/types\/page"}],"author":[{"embeddable":true,"href":"https:\/\/tempoessaouira.green\/es\/wp-json\/wp\/v2\/users\/1"}],"replies":[{"embeddable":true,"href":"https:\/\/tempoessaouira.green\/es\/wp-json\/wp\/v2\/comments?post=1249"}],"version-history":[{"count":0,"href":"https:\/\/tempoessaouira.green\/es\/wp-json\/wp\/v2\/pages\/1249\/revisions"}],"wp:attachment":[{"href":"https:\/\/tempoessaouira.green\/es\/wp-json\/wp\/v2\/media?parent=1249"}],"curies":[{"name":"wp","href":"https:\/\/api.w.org\/{rel}","templated":true}]}}